{"id":7940,"date":"2023-10-03T09:24:39","date_gmt":"2023-10-03T14:24:39","guid":{"rendered":"https:\/\/cooperacion.unmsm.edu.pe\/?page_id=7940"},"modified":"2023-10-16T11:40:34","modified_gmt":"2023-10-16T16:40:34","slug":"movilidad-entrante-incoming","status":"publish","type":"page","link":"https:\/\/cooperacion.unmsm.edu.pe\/index.php\/movilidad-entrante-incoming\/","title":{"rendered":"MOVILIDAD ENTRANTE \u2013 INCOMING"},"content":{"rendered":"\n<p>El Programa de Movilidad Acad\u00e9mica Entrante (nacionales o extranjeros) de la Universidad Nacional Mayor de San Marcos (UNMSM) es administrado por la Oficina General de Cooperaci\u00f3n y Relaciones Internacionales (OGCRI) a trav\u00e9s de la Unidad de Movilidad Acad\u00e9mica y tiene como objetivo facilitar el registro de todos los estudiantes de pregrado y posgrado interesados en realizar estancias acad\u00e9micas.<\/p>\n\n\n\n<figure class=\"wp-block-image size-full\"><img decoding=\"async\" loading=\"lazy\" width=\"508\" height=\"339\" src=\"https:\/\/cooperacion.unmsm.edu.pe\/wp-content\/uploads\/2023\/10\/ogcri-entrante.png\" alt=\"\" class=\"wp-image-7942\" srcset=\"https:\/\/cooperacion.unmsm.edu.pe\/wp-content\/uploads\/2023\/10\/ogcri-entrante.png 508w, https:\/\/cooperacion.unmsm.edu.pe\/wp-content\/uploads\/2023\/10\/ogcri-entrante-300x200.png 300w\" sizes=\"(max-width: 508px) 100vw, 508px\" \/><\/figure>\n","protected":false},"excerpt":{"rendered":"<p>El Programa de Movilidad Acad\u00e9mica Entrante (nacionales o extranjeros) de la Universidad Nacional Mayor de San Marcos (UNMSM) es administrado por la Oficina General de Cooperaci\u00f3n y Relaciones Internacionales (OGCRI) a trav\u00e9s de la Unidad de Movilidad Acad\u00e9mica y tiene como objetivo facilitar el registro de todos los estudiantes de pregrado y posgrado interesados en [&hellip;]<\/p>\n","protected":false},"author":3,"featured_media":0,"parent":0,"menu_order":0,"comment_status":"closed","ping_status":"closed","template":"","meta":[],"_links":{"self":[{"href":"https:\/\/cooperacion.unmsm.edu.pe\/index.php\/wp-json\/wp\/v2\/pages\/7940"}],"collection":[{"href":"https:\/\/cooperacion.unmsm.edu.pe\/index.php\/wp-json\/wp\/v2\/pages"}],"about":[{"href":"https:\/\/cooperacion.unmsm.edu.pe\/index.php\/wp-json\/wp\/v2\/types\/page"}],"author":[{"embeddable":true,"href":"https:\/\/cooperacion.unmsm.edu.pe\/index.php\/wp-json\/wp\/v2\/users\/3"}],"replies":[{"embeddable":true,"href":"https:\/\/cooperacion.unmsm.edu.pe\/index.php\/wp-json\/wp\/v2\/comments?post=7940"}],"version-history":[{"count":4,"href":"https:\/\/cooperacion.unmsm.edu.pe\/index.php\/wp-json\/wp\/v2\/pages\/7940\/revisions"}],"predecessor-version":[{"id":8024,"href":"https:\/\/cooperacion.unmsm.edu.pe\/index.php\/wp-json\/wp\/v2\/pages\/7940\/revisions\/8024"}],"wp:attachment":[{"href":"https:\/\/cooperacion.unmsm.edu.pe\/index.php\/wp-json\/wp\/v2\/media?parent=7940"}],"curies":[{"name":"wp","href":"https:\/\/api.w.org\/{rel}","templated":true}]}}