{"id":7890,"date":"2023-09-12T15:06:37","date_gmt":"2023-09-12T20:06:37","guid":{"rendered":"https:\/\/cooperacion.unmsm.edu.pe\/?page_id=7890"},"modified":"2023-09-12T15:15:36","modified_gmt":"2023-09-12T20:15:36","slug":"quienes-somos","status":"publish","type":"page","link":"https:\/\/cooperacion.unmsm.edu.pe\/index.php\/quienes-somos\/","title":{"rendered":"Quienes Somos"},"content":{"rendered":"\n<p>La Oficina General de Cooperaci\u00f3n y Relaciones Interinstitucionales (OGCRI), dependiente del Rectorado, es el \u00f3rgano encargado de gestionar, coordinar y facilitar el proceso de cooperaci\u00f3n t\u00e9cnica y financiera nacional e internacional, as\u00ed como de identificar, conducir y brindar el soporte t\u00e9cnico adecuado de la pol\u00edtica de relaciones interinstitucionales de la Universidad con otras instituciones nacionales y extranjeras.<\/p>\n\n\n\n<figure class=\"wp-block-image size-full\"><img decoding=\"async\" loading=\"lazy\" width=\"800\" height=\"278\" src=\"https:\/\/cooperacion.unmsm.edu.pe\/wp-content\/uploads\/2022\/11\/recto-e1667735477194.jpg\" alt=\"\" class=\"wp-image-6650\" srcset=\"https:\/\/cooperacion.unmsm.edu.pe\/wp-content\/uploads\/2022\/11\/recto-e1667735477194.jpg 800w, https:\/\/cooperacion.unmsm.edu.pe\/wp-content\/uploads\/2022\/11\/recto-e1667735477194-300x104.jpg 300w, https:\/\/cooperacion.unmsm.edu.pe\/wp-content\/uploads\/2022\/11\/recto-e1667735477194-768x267.jpg 768w\" sizes=\"(max-width: 800px) 100vw, 800px\" \/><\/figure>\n\n\n\n<p>En este espacio podr\u00e1 encontrar las diferentes formas de contactarse con instituciones externas, como son los programas de Cooperaci\u00f3n, Convenios, y Movilidad Acad\u00e9mica; de tal forma que los interesados puedan contar con informaci\u00f3n b\u00e1sica para iniciar su vinculaci\u00f3n con diversas instituciones del extranjero y estar en posibilidad de desarrollar una serie de actividades acad\u00e9micas, culturales y de investigaci\u00f3n de particular inter\u00e9s.<\/p>\n\n\n\n<p>Asimismo, se informa sobre los diversos tr\u00e1mites que se deben conocer para iniciar o continuar estudios en nuestra instituci\u00f3n: la Rev\u00e1lida de Grados y T\u00edtulos de Estudios Cursados en el Extranjero, de manera especial para personas que se encuentran fuera del territorio nacional; procedimientos para obtener una carta de presentaci\u00f3n institucional, entre otras gestiones.<\/p>\n\n\n\n<p><\/p>\n","protected":false},"excerpt":{"rendered":"<p>La Oficina General de Cooperaci\u00f3n y Relaciones Interinstitucionales (OGCRI), dependiente del Rectorado, es el \u00f3rgano encargado de gestionar, coordinar y facilitar el proceso de cooperaci\u00f3n t\u00e9cnica y financiera nacional e internacional, as\u00ed como de identificar, conducir y brindar el soporte t\u00e9cnico adecuado de la pol\u00edtica de relaciones interinstitucionales de la Universidad con otras instituciones nacionales [&hellip;]<\/p>\n","protected":false},"author":3,"featured_media":0,"parent":0,"menu_order":0,"comment_status":"closed","ping_status":"closed","template":"","meta":[],"_links":{"self":[{"href":"https:\/\/cooperacion.unmsm.edu.pe\/index.php\/wp-json\/wp\/v2\/pages\/7890"}],"collection":[{"href":"https:\/\/cooperacion.unmsm.edu.pe\/index.php\/wp-json\/wp\/v2\/pages"}],"about":[{"href":"https:\/\/cooperacion.unmsm.edu.pe\/index.php\/wp-json\/wp\/v2\/types\/page"}],"author":[{"embeddable":true,"href":"https:\/\/cooperacion.unmsm.edu.pe\/index.php\/wp-json\/wp\/v2\/users\/3"}],"replies":[{"embeddable":true,"href":"https:\/\/cooperacion.unmsm.edu.pe\/index.php\/wp-json\/wp\/v2\/comments?post=7890"}],"version-history":[{"count":5,"href":"https:\/\/cooperacion.unmsm.edu.pe\/index.php\/wp-json\/wp\/v2\/pages\/7890\/revisions"}],"predecessor-version":[{"id":7900,"href":"https:\/\/cooperacion.unmsm.edu.pe\/index.php\/wp-json\/wp\/v2\/pages\/7890\/revisions\/7900"}],"wp:attachment":[{"href":"https:\/\/cooperacion.unmsm.edu.pe\/index.php\/wp-json\/wp\/v2\/media?parent=7890"}],"curies":[{"name":"wp","href":"https:\/\/api.w.org\/{rel}","templated":true}]}}